{"id":2556,"date":"2024-10-18T12:13:46","date_gmt":"2024-10-18T12:13:46","guid":{"rendered":"https:\/\/itokilit.com.tr\/?post_type=product&#038;p=2556"},"modified":"2025-08-12T08:51:22","modified_gmt":"2025-08-12T08:51:22","slug":"2262-fk","status":"publish","type":"product","link":"https:\/\/itokilit.com.tr\/en\/product\/2262-fk\/","title":{"rendered":"262\/FK F\u0130AM EMN\u0130YET K\u0130L\u0130TLER\u0130"},"content":{"rendered":"","protected":false},"excerpt":{"rendered":"<table class=\"w-fit min-w-(--thread-content-width)\" data-start=\"84\" data-end=\"588\">\n<thead data-start=\"84\" data-end=\"112\">\n<tr data-start=\"84\" data-end=\"112\">\n<th data-start=\"84\" data-end=\"97\" data-col-size=\"md\"><strong data-start=\"86\" data-end=\"96\">T\u00fcrk\u00e7e<\/strong><\/th>\n<th data-start=\"97\" data-end=\"112\" data-col-size=\"md\"><strong data-start=\"99\" data-end=\"110\">English<\/strong><\/th>\n<\/tr>\n<\/thead>\n<tbody data-start=\"142\" data-end=\"588\">\n<tr data-start=\"142\" data-end=\"219\">\n<td data-start=\"142\" data-end=\"181\" data-col-size=\"md\"><strong data-start=\"144\" data-end=\"154\">G\u00f6vde:<\/strong> Galvaniz kaplamal\u0131, \u00e7elik<\/td>\n<td data-col-size=\"md\" data-start=\"181\" data-end=\"219\"><strong data-start=\"183\" data-end=\"192\">Body:<\/strong> Galvanized plated, steel<\/td>\n<\/tr>\n<tr data-start=\"220\" data-end=\"259\">\n<td data-start=\"220\" data-end=\"238\" data-col-size=\"md\"><strong data-start=\"222\" data-end=\"231\">Ayna:<\/strong> \u00c7elik<\/td>\n<td data-col-size=\"md\" data-start=\"238\" data-end=\"259\"><strong data-start=\"240\" data-end=\"251\">Forend:<\/strong> Steel<\/td>\n<\/tr>\n<tr data-start=\"260\" data-end=\"364\">\n<td data-start=\"260\" data-end=\"313\" data-col-size=\"md\"><strong data-start=\"262\" data-end=\"272\">S\u00fcrg\u00fc:<\/strong> 3 milli, nikel kaplamal\u0131 \u00e7elik, 3 turlu<\/td>\n<td data-col-size=\"md\" data-start=\"313\" data-end=\"364\"><strong data-start=\"315\" data-end=\"324\">Bolt:<\/strong> 3 bars, chrome plated steel, 3 throws<\/td>\n<\/tr>\n<tr data-start=\"365\" data-end=\"423\">\n<td data-start=\"365\" data-end=\"392\" data-col-size=\"md\"><strong data-start=\"367\" data-end=\"380\">Silindir:<\/strong> Prazis tip<\/td>\n<td data-col-size=\"md\" data-start=\"392\" data-end=\"423\"><strong data-start=\"394\" data-end=\"407\">Cylinder:<\/strong> Crosskey type<\/td>\n<\/tr>\n<tr data-start=\"424\" data-end=\"499\">\n<td data-start=\"424\" data-end=\"463\" data-col-size=\"md\"><strong data-start=\"426\" data-end=\"438\">Anahtar:<\/strong> 5 adet, nikel kaplamal\u0131<\/td>\n<td data-col-size=\"md\" data-start=\"463\" data-end=\"499\"><strong data-start=\"465\" data-end=\"473\">Key:<\/strong> 5 pieces, nickel plated<\/td>\n<\/tr>\n<tr data-start=\"500\" data-end=\"535\">\n<td data-start=\"500\" data-end=\"517\" data-col-size=\"md\"><strong data-start=\"502\" data-end=\"510\">B\/S:<\/strong> 40 mm<\/td>\n<td data-col-size=\"md\" data-start=\"517\" data-end=\"535\"><strong data-start=\"519\" data-end=\"527\">B\/S:<\/strong> 40 mm<\/td>\n<\/tr>\n<tr data-start=\"536\" data-end=\"588\">\n<td data-start=\"536\" data-end=\"562\" data-col-size=\"md\"><strong data-start=\"538\" data-end=\"553\">Opsiyonlar:<\/strong> Kaplama<\/td>\n<td data-col-size=\"md\" data-start=\"562\" data-end=\"588\"><strong data-start=\"564\" data-end=\"576\">Options:<\/strong> Plating<\/td>\n<\/tr>\n<\/tbody>\n<\/table>","protected":false},"featured_media":2558,"template":"","meta":{"rank_math_lock_modified_date":false},"product_brand":[],"product_cat":[115],"product_tag":[],"class_list":{"0":"post-2556","1":"product","2":"type-product","3":"status-publish","4":"has-post-thumbnail","6":"product_cat-fiam-emniyet-kilitleri","8":"first","9":"instock","10":"shipping-taxable","11":"product-type-simple"},"_links":{"self":[{"href":"https:\/\/itokilit.com.tr\/en\/wp-json\/wp\/v2\/product\/2556","targetHints":{"allow":["GET"]}}],"collection":[{"href":"https:\/\/itokilit.com.tr\/en\/wp-json\/wp\/v2\/product"}],"about":[{"href":"https:\/\/itokilit.com.tr\/en\/wp-json\/wp\/v2\/types\/product"}],"version-history":[{"count":3,"href":"https:\/\/itokilit.com.tr\/en\/wp-json\/wp\/v2\/product\/2556\/revisions"}],"predecessor-version":[{"id":3216,"href":"https:\/\/itokilit.com.tr\/en\/wp-json\/wp\/v2\/product\/2556\/revisions\/3216"}],"wp:featuredmedia":[{"embeddable":true,"href":"https:\/\/itokilit.com.tr\/en\/wp-json\/wp\/v2\/media\/2558"}],"wp:attachment":[{"href":"https:\/\/itokilit.com.tr\/en\/wp-json\/wp\/v2\/media?parent=2556"}],"wp:term":[{"taxonomy":"product_brand","embeddable":true,"href":"https:\/\/itokilit.com.tr\/en\/wp-json\/wp\/v2\/product_brand?post=2556"},{"taxonomy":"product_cat","embeddable":true,"href":"https:\/\/itokilit.com.tr\/en\/wp-json\/wp\/v2\/product_cat?post=2556"},{"taxonomy":"product_tag","embeddable":true,"href":"https:\/\/itokilit.com.tr\/en\/wp-json\/wp\/v2\/product_tag?post=2556"}],"curies":[{"name":"wp","href":"https:\/\/api.w.org\/{rel}","templated":true}]}}