{"id":2552,"date":"2024-10-18T12:10:37","date_gmt":"2024-10-18T12:10:37","guid":{"rendered":"https:\/\/itokilit.com.tr\/?post_type=product&#038;p=2552"},"modified":"2025-09-08T12:11:39","modified_gmt":"2025-09-08T12:11:39","slug":"162-fk","status":"publish","type":"product","link":"https:\/\/itokilit.com.tr\/en\/product\/162-fk\/","title":{"rendered":"162\/FK F\u0130AM EMN\u0130YET K\u0130L\u0130TLER\u0130"},"content":{"rendered":"","protected":false},"excerpt":{"rendered":"<table class=\"w-fit min-w-(--thread-content-width)\" data-start=\"95\" data-end=\"533\">\n<thead data-start=\"95\" data-end=\"123\">\n<tr data-start=\"95\" data-end=\"123\">\n<th data-start=\"95\" data-end=\"108\" data-col-size=\"sm\"><strong data-start=\"97\" data-end=\"107\">T\u00fcrk\u00e7e<\/strong><\/th>\n<th data-start=\"108\" data-end=\"123\" data-col-size=\"sm\"><strong data-start=\"110\" data-end=\"121\">English<\/strong><\/th>\n<\/tr>\n<\/thead>\n<tbody data-start=\"153\" data-end=\"533\">\n<tr data-start=\"153\" data-end=\"230\">\n<td data-start=\"153\" data-end=\"192\" data-col-size=\"sm\"><strong data-start=\"155\" data-end=\"165\">G\u00f6vde:<\/strong> Galvaniz kaplamal\u0131, \u00e7elik<\/td>\n<td data-start=\"192\" data-end=\"230\" data-col-size=\"sm\"><strong data-start=\"194\" data-end=\"203\">Body:<\/strong> Galvanized plated, steel<\/td>\n<\/tr>\n<tr data-start=\"231\" data-end=\"270\">\n<td data-start=\"231\" data-end=\"249\" data-col-size=\"sm\"><strong data-start=\"233\" data-end=\"242\">Ayna:<\/strong> \u00c7elik<\/td>\n<td data-start=\"249\" data-end=\"270\" data-col-size=\"sm\"><strong data-start=\"251\" data-end=\"262\">Forend:<\/strong> Steel<\/td>\n<\/tr>\n<tr data-start=\"271\" data-end=\"309\">\n<td data-start=\"271\" data-end=\"290\" data-col-size=\"sm\"><strong data-start=\"273\" data-end=\"283\">S\u00fcrg\u00fc:<\/strong> \u00c7elik<\/td>\n<td data-start=\"290\" data-end=\"309\" data-col-size=\"sm\"><strong data-start=\"292\" data-end=\"301\">Bolt:<\/strong> Steel<\/td>\n<\/tr>\n<tr data-start=\"310\" data-end=\"368\">\n<td data-start=\"310\" data-end=\"337\" data-col-size=\"sm\"><strong data-start=\"312\" data-end=\"325\">Silindir:<\/strong> Prazis tip<\/td>\n<td data-start=\"337\" data-end=\"368\" data-col-size=\"sm\"><strong data-start=\"339\" data-end=\"352\">Cylinder:<\/strong> Crosskey type<\/td>\n<\/tr>\n<tr data-start=\"369\" data-end=\"444\">\n<td data-start=\"369\" data-end=\"408\" data-col-size=\"sm\"><strong data-start=\"371\" data-end=\"383\">Anahtar:<\/strong> 5 adet, nikel kaplamal\u0131<\/td>\n<td data-start=\"408\" data-end=\"444\" data-col-size=\"sm\"><strong data-start=\"410\" data-end=\"418\">Key:<\/strong> 5 pieces, nickel plated<\/td>\n<\/tr>\n<tr data-start=\"445\" data-end=\"480\">\n<td data-start=\"445\" data-end=\"462\" data-col-size=\"sm\"><strong data-start=\"447\" data-end=\"455\">B\/S:<\/strong> 40 mm<\/td>\n<td data-start=\"462\" data-end=\"480\" data-col-size=\"sm\"><strong data-start=\"464\" data-end=\"472\">B\/S:<\/strong> 40 mm<\/td>\n<\/tr>\n<tr data-start=\"481\" data-end=\"533\">\n<td data-start=\"481\" data-end=\"507\" data-col-size=\"sm\"><strong data-start=\"483\" data-end=\"498\">Opsiyonlar:<\/strong> Kaplama<\/td>\n<td data-start=\"507\" data-end=\"533\" data-col-size=\"sm\"><strong data-start=\"509\" data-end=\"521\">Options:<\/strong> Plating<\/td>\n<\/tr>\n<\/tbody>\n<\/table>","protected":false},"featured_media":2553,"template":"","meta":{"rank_math_lock_modified_date":false},"product_brand":[],"product_cat":[115],"product_tag":[],"class_list":{"0":"post-2552","1":"product","2":"type-product","3":"status-publish","4":"has-post-thumbnail","6":"product_cat-fiam-emniyet-kilitleri","8":"first","9":"instock","10":"shipping-taxable","11":"product-type-simple"},"_links":{"self":[{"href":"https:\/\/itokilit.com.tr\/en\/wp-json\/wp\/v2\/product\/2552","targetHints":{"allow":["GET"]}}],"collection":[{"href":"https:\/\/itokilit.com.tr\/en\/wp-json\/wp\/v2\/product"}],"about":[{"href":"https:\/\/itokilit.com.tr\/en\/wp-json\/wp\/v2\/types\/product"}],"version-history":[{"count":3,"href":"https:\/\/itokilit.com.tr\/en\/wp-json\/wp\/v2\/product\/2552\/revisions"}],"predecessor-version":[{"id":3213,"href":"https:\/\/itokilit.com.tr\/en\/wp-json\/wp\/v2\/product\/2552\/revisions\/3213"}],"wp:featuredmedia":[{"embeddable":true,"href":"https:\/\/itokilit.com.tr\/en\/wp-json\/wp\/v2\/media\/2553"}],"wp:attachment":[{"href":"https:\/\/itokilit.com.tr\/en\/wp-json\/wp\/v2\/media?parent=2552"}],"wp:term":[{"taxonomy":"product_brand","embeddable":true,"href":"https:\/\/itokilit.com.tr\/en\/wp-json\/wp\/v2\/product_brand?post=2552"},{"taxonomy":"product_cat","embeddable":true,"href":"https:\/\/itokilit.com.tr\/en\/wp-json\/wp\/v2\/product_cat?post=2552"},{"taxonomy":"product_tag","embeddable":true,"href":"https:\/\/itokilit.com.tr\/en\/wp-json\/wp\/v2\/product_tag?post=2552"}],"curies":[{"name":"wp","href":"https:\/\/api.w.org\/{rel}","templated":true}]}}