{"id":2548,"date":"2024-10-18T12:08:54","date_gmt":"2024-10-18T12:08:54","guid":{"rendered":"https:\/\/itokilit.com.tr\/?post_type=product&#038;p=2548"},"modified":"2025-08-12T08:52:28","modified_gmt":"2025-08-12T08:52:28","slug":"261-fk","status":"publish","type":"product","link":"https:\/\/itokilit.com.tr\/en\/product\/261-fk\/","title":{"rendered":"261\/FK F\u0130AM EMN\u0130YET K\u0130L\u0130TLER\u0130"},"content":{"rendered":"","protected":false},"excerpt":{"rendered":"<table class=\"w-fit min-w-(--thread-content-width)\" data-start=\"95\" data-end=\"599\">\n<thead data-start=\"95\" data-end=\"123\">\n<tr data-start=\"95\" data-end=\"123\">\n<th data-start=\"95\" data-end=\"108\" data-col-size=\"md\"><strong data-start=\"97\" data-end=\"107\">T\u00fcrk\u00e7e<\/strong><\/th>\n<th data-start=\"108\" data-end=\"123\" data-col-size=\"md\"><strong data-start=\"110\" data-end=\"121\">English<\/strong><\/th>\n<\/tr>\n<\/thead>\n<tbody data-start=\"153\" data-end=\"599\">\n<tr data-start=\"153\" data-end=\"230\">\n<td data-start=\"153\" data-end=\"192\" data-col-size=\"md\"><strong data-start=\"155\" data-end=\"165\">G\u00f6vde:<\/strong> Galvaniz kaplamal\u0131, \u00e7elik<\/td>\n<td data-col-size=\"md\" data-start=\"192\" data-end=\"230\"><strong data-start=\"194\" data-end=\"203\">Body:<\/strong> Galvanized plated, steel<\/td>\n<\/tr>\n<tr data-start=\"231\" data-end=\"270\">\n<td data-start=\"231\" data-end=\"249\" data-col-size=\"md\"><strong data-start=\"233\" data-end=\"242\">Ayna:<\/strong> \u00c7elik<\/td>\n<td data-col-size=\"md\" data-start=\"249\" data-end=\"270\"><strong data-start=\"251\" data-end=\"262\">Forend:<\/strong> Steel<\/td>\n<\/tr>\n<tr data-start=\"271\" data-end=\"375\">\n<td data-start=\"271\" data-end=\"324\" data-col-size=\"md\"><strong data-start=\"273\" data-end=\"283\">S\u00fcrg\u00fc:<\/strong> 3 milli, nikel kaplamal\u0131 \u00e7elik, 2 turlu<\/td>\n<td data-col-size=\"md\" data-start=\"324\" data-end=\"375\"><strong data-start=\"326\" data-end=\"335\">Bolt:<\/strong> 3 bars, chrome plated steel, 2 throws<\/td>\n<\/tr>\n<tr data-start=\"376\" data-end=\"434\">\n<td data-start=\"376\" data-end=\"403\" data-col-size=\"md\"><strong data-start=\"378\" data-end=\"391\">Silindir:<\/strong> Prazis tip<\/td>\n<td data-start=\"403\" data-end=\"434\" data-col-size=\"md\"><strong data-start=\"405\" data-end=\"418\">Cylinder:<\/strong> Crosskey type<\/td>\n<\/tr>\n<tr data-start=\"435\" data-end=\"510\">\n<td data-start=\"435\" data-end=\"474\" data-col-size=\"md\"><strong data-start=\"437\" data-end=\"449\">Anahtar:<\/strong> 5 adet, nikel kaplamal\u0131<\/td>\n<td data-start=\"474\" data-end=\"510\" data-col-size=\"md\"><strong data-start=\"476\" data-end=\"484\">Key:<\/strong> 5 pieces, nickel plated<\/td>\n<\/tr>\n<tr data-start=\"511\" data-end=\"546\">\n<td data-start=\"511\" data-end=\"528\" data-col-size=\"md\"><strong data-start=\"513\" data-end=\"521\">B\/S:<\/strong> 40 mm<\/td>\n<td data-start=\"528\" data-end=\"546\" data-col-size=\"md\"><strong data-start=\"530\" data-end=\"538\">B\/S:<\/strong> 40 mm<\/td>\n<\/tr>\n<tr data-start=\"547\" data-end=\"599\">\n<td data-start=\"547\" data-end=\"573\" data-col-size=\"md\"><strong data-start=\"549\" data-end=\"564\">Opsiyonlar:<\/strong> Kaplama<\/td>\n<td data-start=\"573\" data-end=\"599\" data-col-size=\"md\"><strong data-start=\"575\" data-end=\"587\">Options:<\/strong> Plating<\/td>\n<\/tr>\n<\/tbody>\n<\/table>","protected":false},"featured_media":2549,"template":"","meta":{"rank_math_lock_modified_date":false},"product_brand":[],"product_cat":[115],"product_tag":[],"class_list":{"0":"post-2548","1":"product","2":"type-product","3":"status-publish","4":"has-post-thumbnail","6":"product_cat-fiam-emniyet-kilitleri","8":"first","9":"instock","10":"shipping-taxable","11":"product-type-simple"},"_links":{"self":[{"href":"https:\/\/itokilit.com.tr\/en\/wp-json\/wp\/v2\/product\/2548","targetHints":{"allow":["GET"]}}],"collection":[{"href":"https:\/\/itokilit.com.tr\/en\/wp-json\/wp\/v2\/product"}],"about":[{"href":"https:\/\/itokilit.com.tr\/en\/wp-json\/wp\/v2\/types\/product"}],"version-history":[{"count":3,"href":"https:\/\/itokilit.com.tr\/en\/wp-json\/wp\/v2\/product\/2548\/revisions"}],"predecessor-version":[{"id":3217,"href":"https:\/\/itokilit.com.tr\/en\/wp-json\/wp\/v2\/product\/2548\/revisions\/3217"}],"wp:featuredmedia":[{"embeddable":true,"href":"https:\/\/itokilit.com.tr\/en\/wp-json\/wp\/v2\/media\/2549"}],"wp:attachment":[{"href":"https:\/\/itokilit.com.tr\/en\/wp-json\/wp\/v2\/media?parent=2548"}],"wp:term":[{"taxonomy":"product_brand","embeddable":true,"href":"https:\/\/itokilit.com.tr\/en\/wp-json\/wp\/v2\/product_brand?post=2548"},{"taxonomy":"product_cat","embeddable":true,"href":"https:\/\/itokilit.com.tr\/en\/wp-json\/wp\/v2\/product_cat?post=2548"},{"taxonomy":"product_tag","embeddable":true,"href":"https:\/\/itokilit.com.tr\/en\/wp-json\/wp\/v2\/product_tag?post=2548"}],"curies":[{"name":"wp","href":"https:\/\/api.w.org\/{rel}","templated":true}]}}