{"id":2544,"date":"2024-10-18T12:01:13","date_gmt":"2024-10-18T12:01:13","guid":{"rendered":"https:\/\/itokilit.com.tr\/?post_type=product&#038;p=2544"},"modified":"2025-08-12T08:46:07","modified_gmt":"2025-08-12T08:46:07","slug":"161-fk","status":"publish","type":"product","link":"https:\/\/itokilit.com.tr\/en\/product\/161-fk\/","title":{"rendered":"161\/FK F\u0130AM EMN\u0130YET K\u0130L\u0130TLER\u0130"},"content":{"rendered":"","protected":false},"excerpt":{"rendered":"<table class=\"w-fit min-w-(--thread-content-width)\" data-start=\"84\" data-end=\"579\">\n<thead data-start=\"84\" data-end=\"112\">\n<tr data-start=\"84\" data-end=\"112\">\n<th data-start=\"84\" data-end=\"97\" data-col-size=\"sm\"><strong data-start=\"86\" data-end=\"96\">T\u00fcrk\u00e7e<\/strong><\/th>\n<th data-start=\"97\" data-end=\"112\" data-col-size=\"md\"><strong data-start=\"99\" data-end=\"110\">English<\/strong><\/th>\n<\/tr>\n<\/thead>\n<tbody data-start=\"142\" data-end=\"579\">\n<tr data-start=\"142\" data-end=\"219\">\n<td data-start=\"142\" data-end=\"181\" data-col-size=\"sm\"><strong data-start=\"144\" data-end=\"154\">G\u00f6vde:<\/strong> Galvaniz kaplamal\u0131, \u00e7elik<\/td>\n<td data-start=\"181\" data-end=\"219\" data-col-size=\"md\"><strong data-start=\"183\" data-end=\"192\">Body:<\/strong> Galvanized plated, steel<\/td>\n<\/tr>\n<tr data-start=\"220\" data-end=\"259\">\n<td data-start=\"220\" data-end=\"238\" data-col-size=\"sm\"><strong data-start=\"222\" data-end=\"231\">Ayna:<\/strong> \u00c7elik<\/td>\n<td data-start=\"238\" data-end=\"259\" data-col-size=\"md\"><strong data-start=\"240\" data-end=\"251\">Forend:<\/strong> Steel<\/td>\n<\/tr>\n<tr data-start=\"260\" data-end=\"315\">\n<td data-start=\"260\" data-end=\"288\" data-col-size=\"sm\"><strong data-start=\"262\" data-end=\"272\">S\u00fcrg\u00fc:<\/strong> \u00c7elik, 2 turlu<\/td>\n<td data-start=\"288\" data-end=\"315\" data-col-size=\"md\"><strong data-start=\"290\" data-end=\"299\">Bolt:<\/strong> Crosskey type<\/td>\n<\/tr>\n<tr data-start=\"316\" data-end=\"394\">\n<td data-start=\"316\" data-end=\"343\" data-col-size=\"sm\"><strong data-start=\"318\" data-end=\"331\">Silindir:<\/strong> Prazis tip<\/td>\n<td data-start=\"343\" data-end=\"394\" data-col-size=\"md\"><strong data-start=\"345\" data-end=\"358\">Cylinder:<\/strong> Can be used with 254 or 754 model<\/td>\n<\/tr>\n<tr data-start=\"395\" data-end=\"490\">\n<td data-start=\"395\" data-end=\"434\" data-col-size=\"sm\"><strong data-start=\"397\" data-end=\"409\">Anahtar:<\/strong> 5 adet, nikel kaplamal\u0131<\/td>\n<td data-start=\"434\" data-end=\"490\" data-col-size=\"md\"><strong data-start=\"436\" data-end=\"444\">Key:<\/strong> 3 pieces 254 or 5 pieces 754, nickel plated<\/td>\n<\/tr>\n<tr data-start=\"491\" data-end=\"526\">\n<td data-start=\"491\" data-end=\"508\" data-col-size=\"sm\"><strong data-start=\"493\" data-end=\"501\">B\/S:<\/strong> 40 mm<\/td>\n<td data-start=\"508\" data-end=\"526\" data-col-size=\"md\"><strong data-start=\"510\" data-end=\"518\">B\/S:<\/strong> 40 mm<\/td>\n<\/tr>\n<tr data-start=\"527\" data-end=\"579\">\n<td data-start=\"527\" data-end=\"553\" data-col-size=\"sm\"><strong data-start=\"529\" data-end=\"544\">Opsiyonlar:<\/strong> Kaplama<\/td>\n<td data-start=\"553\" data-end=\"579\" data-col-size=\"md\"><strong data-start=\"555\" data-end=\"567\">Options:<\/strong> Plating<\/td>\n<\/tr>\n<\/tbody>\n<\/table>","protected":false},"featured_media":2546,"template":"","meta":{"rank_math_lock_modified_date":false},"product_brand":[],"product_cat":[115],"product_tag":[],"class_list":{"0":"post-2544","1":"product","2":"type-product","3":"status-publish","4":"has-post-thumbnail","6":"product_cat-fiam-emniyet-kilitleri","8":"first","9":"instock","10":"shipping-taxable","11":"product-type-simple"},"_links":{"self":[{"href":"https:\/\/itokilit.com.tr\/en\/wp-json\/wp\/v2\/product\/2544","targetHints":{"allow":["GET"]}}],"collection":[{"href":"https:\/\/itokilit.com.tr\/en\/wp-json\/wp\/v2\/product"}],"about":[{"href":"https:\/\/itokilit.com.tr\/en\/wp-json\/wp\/v2\/types\/product"}],"version-history":[{"count":3,"href":"https:\/\/itokilit.com.tr\/en\/wp-json\/wp\/v2\/product\/2544\/revisions"}],"predecessor-version":[{"id":3212,"href":"https:\/\/itokilit.com.tr\/en\/wp-json\/wp\/v2\/product\/2544\/revisions\/3212"}],"wp:featuredmedia":[{"embeddable":true,"href":"https:\/\/itokilit.com.tr\/en\/wp-json\/wp\/v2\/media\/2546"}],"wp:attachment":[{"href":"https:\/\/itokilit.com.tr\/en\/wp-json\/wp\/v2\/media?parent=2544"}],"wp:term":[{"taxonomy":"product_brand","embeddable":true,"href":"https:\/\/itokilit.com.tr\/en\/wp-json\/wp\/v2\/product_brand?post=2544"},{"taxonomy":"product_cat","embeddable":true,"href":"https:\/\/itokilit.com.tr\/en\/wp-json\/wp\/v2\/product_cat?post=2544"},{"taxonomy":"product_tag","embeddable":true,"href":"https:\/\/itokilit.com.tr\/en\/wp-json\/wp\/v2\/product_tag?post=2544"}],"curies":[{"name":"wp","href":"https:\/\/api.w.org\/{rel}","templated":true}]}}