{"id":2531,"date":"2024-10-18T11:53:01","date_gmt":"2024-10-18T11:53:01","guid":{"rendered":"https:\/\/itokilit.com.tr\/?post_type=product&#038;p=2531"},"modified":"2025-09-08T12:05:14","modified_gmt":"2025-09-08T12:05:14","slug":"2261k","status":"publish","type":"product","link":"https:\/\/itokilit.com.tr\/en\/product\/2261k\/","title":{"rendered":"2261K S\u0130L\u0130ND\u0130RL\u0130 EMN\u0130YET K\u0130L\u0130D\u0130"},"content":{"rendered":"","protected":false},"excerpt":{"rendered":"<table>\n<thead>\n<tr>\n<th><strong>T\u00fcrk\u00e7e<\/strong><\/th>\n<th><strong>English<\/strong><\/th>\n<\/tr>\n<\/thead>\n<tbody>\n<tr>\n<td><strong>G\u00f6vde:<\/strong> Galvaniz kaplamal\u0131, \u00e7elik<\/td>\n<td><strong>Body:<\/strong> Galvanized plated, steel<\/td>\n<\/tr>\n<tr>\n<td><strong>Ayna:<\/strong> \u00c7elik<\/td>\n<td><strong>Forend:<\/strong> Steel<\/td>\n<\/tr>\n<tr>\n<td><strong>S\u00fcrg\u00fc:<\/strong> 3 mill\u00ee, krom kaplamal\u0131 \u00e7elik, 2 turlu<\/td>\n<td><strong>Bolt:<\/strong> 3 bars, chrome plated steel, 2 throws<\/td>\n<\/tr>\n<tr>\n<td><strong>Silindir:<\/strong> 254 veya 754 modeliyle kullan\u0131labilir<\/td>\n<td><strong>Cylinder:<\/strong> Can be used with 254 or 754 model<\/td>\n<\/tr>\n<tr>\n<td><strong>B\/S:<\/strong> 45 mm<\/td>\n<td><strong>B\/S:<\/strong> 45 mm<\/td>\n<\/tr>\n<tr>\n<td><strong>Opsiyonlar:<\/strong> Kaplama, silindir<\/td>\n<td><strong>Options:<\/strong> Plating, cylinder<\/td>\n<\/tr>\n<\/tbody>\n<\/table>","protected":false},"featured_media":2532,"template":"","meta":{"rank_math_lock_modified_date":false},"product_brand":[],"product_cat":[113],"product_tag":[],"class_list":{"0":"post-2531","1":"product","2":"type-product","3":"status-publish","4":"has-post-thumbnail","6":"product_cat-silindirli-emniyet-kilitleri","8":"first","9":"instock","10":"shipping-taxable","11":"product-type-simple"},"_links":{"self":[{"href":"https:\/\/itokilit.com.tr\/en\/wp-json\/wp\/v2\/product\/2531","targetHints":{"allow":["GET"]}}],"collection":[{"href":"https:\/\/itokilit.com.tr\/en\/wp-json\/wp\/v2\/product"}],"about":[{"href":"https:\/\/itokilit.com.tr\/en\/wp-json\/wp\/v2\/types\/product"}],"version-history":[{"count":3,"href":"https:\/\/itokilit.com.tr\/en\/wp-json\/wp\/v2\/product\/2531\/revisions"}],"predecessor-version":[{"id":3276,"href":"https:\/\/itokilit.com.tr\/en\/wp-json\/wp\/v2\/product\/2531\/revisions\/3276"}],"wp:featuredmedia":[{"embeddable":true,"href":"https:\/\/itokilit.com.tr\/en\/wp-json\/wp\/v2\/media\/2532"}],"wp:attachment":[{"href":"https:\/\/itokilit.com.tr\/en\/wp-json\/wp\/v2\/media?parent=2531"}],"wp:term":[{"taxonomy":"product_brand","embeddable":true,"href":"https:\/\/itokilit.com.tr\/en\/wp-json\/wp\/v2\/product_brand?post=2531"},{"taxonomy":"product_cat","embeddable":true,"href":"https:\/\/itokilit.com.tr\/en\/wp-json\/wp\/v2\/product_cat?post=2531"},{"taxonomy":"product_tag","embeddable":true,"href":"https:\/\/itokilit.com.tr\/en\/wp-json\/wp\/v2\/product_tag?post=2531"}],"curies":[{"name":"wp","href":"https:\/\/api.w.org\/{rel}","templated":true}]}}