{"id":2523,"date":"2024-10-18T11:48:48","date_gmt":"2024-10-18T11:48:48","guid":{"rendered":"https:\/\/itokilit.com.tr\/?post_type=product&#038;p=2523"},"modified":"2025-08-12T11:33:46","modified_gmt":"2025-08-12T11:33:46","slug":"261k","status":"publish","type":"product","link":"https:\/\/itokilit.com.tr\/en\/product\/261k\/","title":{"rendered":"261K S\u0130L\u0130ND\u0130RL\u0130 EMN\u0130YET K\u0130L\u0130D\u0130"},"content":{"rendered":"","protected":false},"excerpt":{"rendered":"<table>\n<thead>\n<tr>\n<th><strong>T\u00fcrk\u00e7e<\/strong><\/th>\n<th><strong>English<\/strong><\/th>\n<\/tr>\n<\/thead>\n<tbody>\n<tr>\n<td><strong>G\u00f6vde:<\/strong> Galvaniz kaplamal\u0131, \u00e7elik<\/td>\n<td><strong>Body:<\/strong> Galvanized plated, steel<\/td>\n<\/tr>\n<tr>\n<td><strong>Ayna:<\/strong> \u00c7elik<\/td>\n<td><strong>Forend:<\/strong> Steel<\/td>\n<\/tr>\n<tr>\n<td><strong>S\u00fcrg\u00fc:<\/strong> 3 mill\u00ee, krom kaplamal\u0131 \u00e7elik, 2 turlu<\/td>\n<td><strong>Bolt:<\/strong> 3 bars, chrome plated steel, 2 throws<\/td>\n<\/tr>\n<tr>\n<td><strong>Silindir:<\/strong> 254 veya 754 modeliyle kullan\u0131labilir<\/td>\n<td><strong>Cylinder:<\/strong> Can be used with 254 or 754 model<\/td>\n<\/tr>\n<tr>\n<td><strong>B\/S:<\/strong> 40 mm<\/td>\n<td><strong>B\/S:<\/strong> 40 mm<\/td>\n<\/tr>\n<tr>\n<td><strong>Opsiyonlar:<\/strong> Kaplama, silindir<\/td>\n<td><strong>Options:<\/strong> Plating, cylinder<\/td>\n<\/tr>\n<\/tbody>\n<\/table>","protected":false},"featured_media":2524,"template":"","meta":{"rank_math_lock_modified_date":false},"product_brand":[],"product_cat":[113],"product_tag":[],"class_list":{"0":"post-2523","1":"product","2":"type-product","3":"status-publish","4":"has-post-thumbnail","6":"product_cat-silindirli-emniyet-kilitleri","8":"first","9":"instock","10":"shipping-taxable","11":"product-type-simple"},"_links":{"self":[{"href":"https:\/\/itokilit.com.tr\/en\/wp-json\/wp\/v2\/product\/2523","targetHints":{"allow":["GET"]}}],"collection":[{"href":"https:\/\/itokilit.com.tr\/en\/wp-json\/wp\/v2\/product"}],"about":[{"href":"https:\/\/itokilit.com.tr\/en\/wp-json\/wp\/v2\/types\/product"}],"version-history":[{"count":3,"href":"https:\/\/itokilit.com.tr\/en\/wp-json\/wp\/v2\/product\/2523\/revisions"}],"predecessor-version":[{"id":3277,"href":"https:\/\/itokilit.com.tr\/en\/wp-json\/wp\/v2\/product\/2523\/revisions\/3277"}],"wp:featuredmedia":[{"embeddable":true,"href":"https:\/\/itokilit.com.tr\/en\/wp-json\/wp\/v2\/media\/2524"}],"wp:attachment":[{"href":"https:\/\/itokilit.com.tr\/en\/wp-json\/wp\/v2\/media?parent=2523"}],"wp:term":[{"taxonomy":"product_brand","embeddable":true,"href":"https:\/\/itokilit.com.tr\/en\/wp-json\/wp\/v2\/product_brand?post=2523"},{"taxonomy":"product_cat","embeddable":true,"href":"https:\/\/itokilit.com.tr\/en\/wp-json\/wp\/v2\/product_cat?post=2523"},{"taxonomy":"product_tag","embeddable":true,"href":"https:\/\/itokilit.com.tr\/en\/wp-json\/wp\/v2\/product_tag?post=2523"}],"curies":[{"name":"wp","href":"https:\/\/api.w.org\/{rel}","templated":true}]}}