{"id":2510,"date":"2024-10-18T11:39:17","date_gmt":"2024-10-18T11:39:17","guid":{"rendered":"https:\/\/itokilit.com.tr\/?post_type=product&#038;p=2510"},"modified":"2025-08-12T11:42:50","modified_gmt":"2025-08-12T11:42:50","slug":"755rk","status":"publish","type":"product","link":"https:\/\/itokilit.com.tr\/en\/product\/755rk\/","title":{"rendered":"755RK S\u0130L\u0130ND\u0130RL\u0130 K\u0130L\u0130T"},"content":{"rendered":"","protected":false},"excerpt":{"rendered":"<table class=\"w-fit min-w-(--thread-content-width)\" data-start=\"142\" data-end=\"895\">\n<thead data-start=\"142\" data-end=\"170\">\n<tr data-start=\"142\" data-end=\"170\">\n<th data-start=\"142\" data-end=\"155\" data-col-size=\"md\"><strong data-start=\"144\" data-end=\"154\">T\u00fcrk\u00e7e<\/strong><\/th>\n<th data-start=\"155\" data-end=\"170\" data-col-size=\"md\"><strong data-start=\"157\" data-end=\"168\">English<\/strong><\/th>\n<\/tr>\n<\/thead>\n<tbody data-start=\"200\" data-end=\"895\">\n<tr data-start=\"200\" data-end=\"278\">\n<td data-start=\"200\" data-end=\"235\" data-col-size=\"md\"><strong data-start=\"202\" data-end=\"217\">Kol Yata\u011f\u0131:<\/strong> Rulmanl\u0131, 8\u00d78 mm<\/td>\n<td data-start=\"235\" data-end=\"278\" data-col-size=\"md\"><strong data-start=\"237\" data-end=\"253\">Rod Bearing:<\/strong> w\/ball bearing, 8\u00d78 mm<\/td>\n<\/tr>\n<tr data-start=\"279\" data-end=\"372\">\n<td data-start=\"279\" data-end=\"323\" data-col-size=\"md\"><strong data-start=\"281\" data-end=\"291\">G\u00f6vde:<\/strong> Galvaniz kaplamal\u0131, \u00e7elik kasa<\/td>\n<td data-col-size=\"md\" data-start=\"323\" data-end=\"372\"><strong data-start=\"325\" data-end=\"334\">Body:<\/strong> Galvanized plated, steel plate case<\/td>\n<\/tr>\n<tr data-start=\"373\" data-end=\"441\">\n<td data-start=\"373\" data-end=\"404\" data-col-size=\"md\"><strong data-start=\"375\" data-end=\"384\">Kasa:<\/strong> A\u00e7\u0131k\/Kapal\u0131, 40 mm<\/td>\n<td data-start=\"404\" data-end=\"441\" data-col-size=\"md\"><strong data-start=\"406\" data-end=\"420\">Case Type:<\/strong> Open\/Closed, 40 mm<\/td>\n<\/tr>\n<tr data-start=\"442\" data-end=\"481\">\n<td data-start=\"442\" data-end=\"460\" data-col-size=\"md\"><strong data-start=\"444\" data-end=\"453\">Ayna:<\/strong> \u00c7elik<\/td>\n<td data-start=\"460\" data-end=\"481\" data-col-size=\"md\"><strong data-start=\"462\" data-end=\"473\">Forend:<\/strong> Steel<\/td>\n<\/tr>\n<tr data-start=\"482\" data-end=\"539\">\n<td data-start=\"482\" data-end=\"510\" data-col-size=\"md\"><strong data-start=\"484\" data-end=\"494\">S\u00fcrg\u00fc:<\/strong> \u00c7elik, 2 turlu<\/td>\n<td data-col-size=\"md\" data-start=\"510\" data-end=\"539\"><strong data-start=\"512\" data-end=\"521\">Bolt:<\/strong> Steel, 2 throws<\/td>\n<\/tr>\n<tr data-start=\"540\" data-end=\"577\">\n<td data-start=\"540\" data-end=\"557\" data-col-size=\"md\"><strong data-start=\"542\" data-end=\"550\">Dil:<\/strong> \u00c7elik<\/td>\n<td data-col-size=\"md\" data-start=\"557\" data-end=\"577\"><strong data-start=\"559\" data-end=\"569\">Latch:<\/strong> Steel<\/td>\n<\/tr>\n<tr data-start=\"578\" data-end=\"683\">\n<td data-start=\"578\" data-end=\"632\" data-col-size=\"md\"><strong data-start=\"580\" data-end=\"593\">Silindir:<\/strong> 254 veya 754 modeliyle kullan\u0131labilir<\/td>\n<td data-col-size=\"md\" data-start=\"632\" data-end=\"683\"><strong data-start=\"634\" data-end=\"647\">Cylinder:<\/strong> Can be used with 254 or 754 model<\/td>\n<\/tr>\n<tr data-start=\"684\" data-end=\"725\">\n<td data-start=\"684\" data-end=\"704\" data-col-size=\"md\"><strong data-start=\"686\" data-end=\"694\">B\/S:<\/strong> 35\/40 mm<\/td>\n<td data-col-size=\"md\" data-start=\"704\" data-end=\"725\"><strong data-start=\"706\" data-end=\"714\">B\/S:<\/strong> 35\/40 mm<\/td>\n<\/tr>\n<tr data-start=\"726\" data-end=\"761\">\n<td data-start=\"726\" data-end=\"743\" data-col-size=\"md\"><strong data-start=\"728\" data-end=\"736\">C\/L:<\/strong> 85 mm<\/td>\n<td data-col-size=\"md\" data-start=\"743\" data-end=\"761\"><strong data-start=\"745\" data-end=\"753\">C\/L:<\/strong> 85 mm<\/td>\n<\/tr>\n<tr data-start=\"762\" data-end=\"895\">\n<td data-start=\"762\" data-end=\"819\" data-col-size=\"md\"><strong data-start=\"764\" data-end=\"779\">Opsiyonlar:<\/strong> Kaplama, silindir, oval ayna, kar\u015f\u0131l\u0131k<\/td>\n<td data-col-size=\"md\" data-start=\"819\" data-end=\"895\"><strong data-start=\"821\" data-end=\"833\">Options:<\/strong> Plating, cylinder, rounded forend plate and striker plate<\/td>\n<\/tr>\n<\/tbody>\n<\/table>","protected":false},"featured_media":2511,"template":"","meta":{"rank_math_lock_modified_date":false},"product_brand":[],"product_cat":[112],"product_tag":[],"class_list":{"0":"post-2510","1":"product","2":"type-product","3":"status-publish","4":"has-post-thumbnail","6":"product_cat-silindirli-kilitler","8":"first","9":"instock","10":"shipping-taxable","11":"product-type-simple"},"_links":{"self":[{"href":"https:\/\/itokilit.com.tr\/en\/wp-json\/wp\/v2\/product\/2510","targetHints":{"allow":["GET"]}}],"collection":[{"href":"https:\/\/itokilit.com.tr\/en\/wp-json\/wp\/v2\/product"}],"about":[{"href":"https:\/\/itokilit.com.tr\/en\/wp-json\/wp\/v2\/types\/product"}],"version-history":[{"count":3,"href":"https:\/\/itokilit.com.tr\/en\/wp-json\/wp\/v2\/product\/2510\/revisions"}],"predecessor-version":[{"id":3282,"href":"https:\/\/itokilit.com.tr\/en\/wp-json\/wp\/v2\/product\/2510\/revisions\/3282"}],"wp:featuredmedia":[{"embeddable":true,"href":"https:\/\/itokilit.com.tr\/en\/wp-json\/wp\/v2\/media\/2511"}],"wp:attachment":[{"href":"https:\/\/itokilit.com.tr\/en\/wp-json\/wp\/v2\/media?parent=2510"}],"wp:term":[{"taxonomy":"product_brand","embeddable":true,"href":"https:\/\/itokilit.com.tr\/en\/wp-json\/wp\/v2\/product_brand?post=2510"},{"taxonomy":"product_cat","embeddable":true,"href":"https:\/\/itokilit.com.tr\/en\/wp-json\/wp\/v2\/product_cat?post=2510"},{"taxonomy":"product_tag","embeddable":true,"href":"https:\/\/itokilit.com.tr\/en\/wp-json\/wp\/v2\/product_tag?post=2510"}],"curies":[{"name":"wp","href":"https:\/\/api.w.org\/{rel}","templated":true}]}}