{"id":2505,"date":"2024-10-18T11:36:43","date_gmt":"2024-10-18T11:36:43","guid":{"rendered":"https:\/\/itokilit.com.tr\/?post_type=product&#038;p=2505"},"modified":"2025-08-12T11:40:15","modified_gmt":"2025-08-12T11:40:15","slug":"155rk-45-155rdk-45","status":"publish","type":"product","link":"https:\/\/itokilit.com.tr\/en\/product\/155rk-45-155rdk-45\/","title":{"rendered":"155RK\/45-155RDK\/45 S\u0130L\u0130ND\u0130RL\u0130 K\u0130L\u0130T"},"content":{"rendered":"","protected":false},"excerpt":{"rendered":"<table>\n<thead>\n<tr>\n<th><strong>T\u00fcrk\u00e7e<\/strong><\/th>\n<th><strong>English<\/strong><\/th>\n<\/tr>\n<\/thead>\n<tbody>\n<tr>\n<td><strong>Kol Yata\u011f\u0131:<\/strong> Rulmanl\u0131, 8\u00d78 mm<\/td>\n<td><strong>Rod Bearing:<\/strong> w\/ball bearing, 8\u00d78 mm<\/td>\n<\/tr>\n<tr>\n<td><strong>G\u00f6vde:<\/strong> Galvaniz kaplamal\u0131, \u00e7elik kasa<\/td>\n<td><strong>Body:<\/strong> Galvanized plated, steel plate case<\/td>\n<\/tr>\n<tr>\n<td><strong>Kasa:<\/strong> A\u00e7\u0131k<\/td>\n<td><strong>Case Type:<\/strong> Open\/Closed 45 mm<\/td>\n<\/tr>\n<tr>\n<td><strong>Ayna:<\/strong> \u00c7elik<\/td>\n<td><strong>Forend:<\/strong> Steel<\/td>\n<\/tr>\n<tr>\n<td><strong>S\u00fcrg\u00fc:<\/strong> Zamak d\u00f6k\u00fcm, 2 turlu<\/td>\n<td><strong>Bolt:<\/strong> Zamak casting (MS 58), 2 throws<\/td>\n<\/tr>\n<tr>\n<td><strong>Dil:<\/strong> Zamak d\u00f6k\u00fcm<\/td>\n<td><strong>Latch:<\/strong> Zamak casting (MS 58)<\/td>\n<\/tr>\n<tr>\n<td><strong>Silindir:<\/strong> 254 veya 754 modeliyle kullan\u0131labilir<\/td>\n<td><strong>Cylinder:<\/strong> Can be used with 254 or 754 model<\/td>\n<\/tr>\n<tr>\n<td><strong>B\/S:<\/strong> 45 mm<\/td>\n<td><strong>B\/S:<\/strong> 45 mm<\/td>\n<\/tr>\n<tr>\n<td><strong>C\/L:<\/strong> 85 mm<\/td>\n<td><strong>C\/L:<\/strong> 85 mm<\/td>\n<\/tr>\n<tr>\n<td><strong>Opsiyonlar:<\/strong> Kaplama, silindir, oval ayna, kar\u015f\u0131l\u0131k<\/td>\n<td><strong>Options:<\/strong> Plating, cylinder, rounded forend plate and striker plate<\/td>\n<\/tr>\n<\/tbody>\n<\/table>","protected":false},"featured_media":2506,"template":"","meta":{"rank_math_lock_modified_date":false},"product_brand":[],"product_cat":[112],"product_tag":[],"class_list":{"0":"post-2505","1":"product","2":"type-product","3":"status-publish","4":"has-post-thumbnail","6":"product_cat-silindirli-kilitler","8":"first","9":"instock","10":"shipping-taxable","11":"product-type-simple"},"_links":{"self":[{"href":"https:\/\/itokilit.com.tr\/en\/wp-json\/wp\/v2\/product\/2505","targetHints":{"allow":["GET"]}}],"collection":[{"href":"https:\/\/itokilit.com.tr\/en\/wp-json\/wp\/v2\/product"}],"about":[{"href":"https:\/\/itokilit.com.tr\/en\/wp-json\/wp\/v2\/types\/product"}],"version-history":[{"count":3,"href":"https:\/\/itokilit.com.tr\/en\/wp-json\/wp\/v2\/product\/2505\/revisions"}],"predecessor-version":[{"id":3279,"href":"https:\/\/itokilit.com.tr\/en\/wp-json\/wp\/v2\/product\/2505\/revisions\/3279"}],"wp:featuredmedia":[{"embeddable":true,"href":"https:\/\/itokilit.com.tr\/en\/wp-json\/wp\/v2\/media\/2506"}],"wp:attachment":[{"href":"https:\/\/itokilit.com.tr\/en\/wp-json\/wp\/v2\/media?parent=2505"}],"wp:term":[{"taxonomy":"product_brand","embeddable":true,"href":"https:\/\/itokilit.com.tr\/en\/wp-json\/wp\/v2\/product_brand?post=2505"},{"taxonomy":"product_cat","embeddable":true,"href":"https:\/\/itokilit.com.tr\/en\/wp-json\/wp\/v2\/product_cat?post=2505"},{"taxonomy":"product_tag","embeddable":true,"href":"https:\/\/itokilit.com.tr\/en\/wp-json\/wp\/v2\/product_tag?post=2505"}],"curies":[{"name":"wp","href":"https:\/\/api.w.org\/{rel}","templated":true}]}}