{"id":2484,"date":"2024-10-18T11:14:51","date_gmt":"2024-10-18T11:14:51","guid":{"rendered":"https:\/\/itokilit.com.tr\/?post_type=product&#038;p=2484"},"modified":"2025-08-27T09:29:32","modified_gmt":"2025-08-27T09:29:32","slug":"754t-bilyali-mandalli","status":"publish","type":"product","link":"https:\/\/itokilit.com.tr\/en\/product\/754t-bilyali-mandalli\/","title":{"rendered":"754T B\u0130LYALI MANDALLI"},"content":{"rendered":"","protected":false},"excerpt":{"rendered":"<table class=\"w-fit min-w-(--thread-content-width)\" data-start=\"84\" data-end=\"750\">\n<thead data-start=\"84\" data-end=\"112\">\n<tr data-start=\"84\" data-end=\"112\">\n<th data-start=\"84\" data-end=\"97\" data-col-size=\"md\"><strong data-start=\"86\" data-end=\"96\">T\u00fcrk\u00e7e<\/strong><\/th>\n<th data-start=\"97\" data-end=\"112\" data-col-size=\"md\"><strong data-start=\"99\" data-end=\"110\">English<\/strong><\/th>\n<\/tr>\n<\/thead>\n<tbody data-start=\"142\" data-end=\"750\">\n<tr data-start=\"142\" data-end=\"212\">\n<td data-start=\"142\" data-end=\"177\" data-col-size=\"md\"><strong data-start=\"144\" data-end=\"154\">G\u00f6vde:<\/strong> Pirin\u00e7 (MS 58) profil<\/td>\n<td data-col-size=\"md\" data-start=\"177\" data-end=\"212\"><strong data-start=\"179\" data-end=\"188\">Body:<\/strong> Brass (MS 58) profile<\/td>\n<\/tr>\n<tr data-start=\"213\" data-end=\"264\">\n<td data-start=\"213\" data-end=\"237\" data-col-size=\"md\"><strong data-start=\"215\" data-end=\"223\">Kam:<\/strong> Sinter d\u00f6k\u00fcm<\/td>\n<td data-col-size=\"md\" data-start=\"237\" data-end=\"264\"><strong data-start=\"239\" data-end=\"247\">Cam:<\/strong> Sinter casting<\/td>\n<\/tr>\n<tr data-start=\"265\" data-end=\"345\">\n<td data-start=\"265\" data-end=\"301\" data-col-size=\"md\"><strong data-start=\"267\" data-end=\"278\">Mandal:<\/strong> Nikel kaplamal\u0131 zamak<\/td>\n<td data-col-size=\"md\" data-start=\"301\" data-end=\"345\"><strong data-start=\"303\" data-end=\"318\">Thumb Turn:<\/strong> Nickel plated zinc alloy<\/td>\n<\/tr>\n<tr data-start=\"346\" data-end=\"483\">\n<td data-start=\"346\" data-end=\"419\" data-col-size=\"md\"><strong data-start=\"348\" data-end=\"359\">Pimler:<\/strong> Tek tarafta 6 adet sabit ve 6 adet \u015fifreli, pirin\u00e7 (MS 58)<\/td>\n<td data-col-size=\"md\" data-start=\"419\" data-end=\"483\"><strong data-start=\"421\" data-end=\"430\">Pins:<\/strong> 6 fixed on one side and 6 encrypted, brass (MS 58)<\/td>\n<\/tr>\n<tr data-start=\"484\" data-end=\"597\">\n<td data-start=\"484\" data-end=\"546\" data-col-size=\"md\"><strong data-start=\"486\" data-end=\"501\">Opsiyonlar:<\/strong> Kaplama, delinmeye kar\u015f\u0131 koruyucu \u00e7elik pim<\/td>\n<td data-col-size=\"md\" data-start=\"546\" data-end=\"597\"><strong data-start=\"548\" data-end=\"560\">Options:<\/strong> Plating, drill-resistant steel pin<\/td>\n<\/tr>\n<tr data-start=\"598\" data-end=\"750\">\n<td data-start=\"598\" data-end=\"661\" data-col-size=\"md\"><strong data-start=\"600\" data-end=\"612\">Anahtar:<\/strong> 754T Bilyal\u0131 Mandall\u0131 \u2013 5 adet, nikel kaplamal\u0131<\/td>\n<td data-start=\"661\" data-end=\"750\" data-col-size=\"md\"><strong data-start=\"663\" data-end=\"671\">Key:<\/strong> 754T Dimple Key Thumb Turn \u2013 5 pieces, nickel plated, paracentrical keyway<\/td>\n<\/tr>\n<\/tbody>\n<\/table>\n<p>&nbsp;<\/p>","protected":false},"featured_media":3403,"template":"","meta":{"rank_math_lock_modified_date":false},"product_brand":[],"product_cat":[84],"product_tag":[],"class_list":{"0":"post-2484","1":"product","2":"type-product","3":"status-publish","4":"has-post-thumbnail","6":"product_cat-silindirler","8":"first","9":"instock","10":"shipping-taxable","11":"product-type-simple"},"_links":{"self":[{"href":"https:\/\/itokilit.com.tr\/en\/wp-json\/wp\/v2\/product\/2484","targetHints":{"allow":["GET"]}}],"collection":[{"href":"https:\/\/itokilit.com.tr\/en\/wp-json\/wp\/v2\/product"}],"about":[{"href":"https:\/\/itokilit.com.tr\/en\/wp-json\/wp\/v2\/types\/product"}],"version-history":[{"count":4,"href":"https:\/\/itokilit.com.tr\/en\/wp-json\/wp\/v2\/product\/2484\/revisions"}],"predecessor-version":[{"id":3250,"href":"https:\/\/itokilit.com.tr\/en\/wp-json\/wp\/v2\/product\/2484\/revisions\/3250"}],"wp:featuredmedia":[{"embeddable":true,"href":"https:\/\/itokilit.com.tr\/en\/wp-json\/wp\/v2\/media\/3403"}],"wp:attachment":[{"href":"https:\/\/itokilit.com.tr\/en\/wp-json\/wp\/v2\/media?parent=2484"}],"wp:term":[{"taxonomy":"product_brand","embeddable":true,"href":"https:\/\/itokilit.com.tr\/en\/wp-json\/wp\/v2\/product_brand?post=2484"},{"taxonomy":"product_cat","embeddable":true,"href":"https:\/\/itokilit.com.tr\/en\/wp-json\/wp\/v2\/product_cat?post=2484"},{"taxonomy":"product_tag","embeddable":true,"href":"https:\/\/itokilit.com.tr\/en\/wp-json\/wp\/v2\/product_tag?post=2484"}],"curies":[{"name":"wp","href":"https:\/\/api.w.org\/{rel}","templated":true}]}}