{"id":2479,"date":"2024-10-18T11:03:59","date_gmt":"2024-10-18T11:03:59","guid":{"rendered":"https:\/\/itokilit.com.tr\/?post_type=product&#038;p=2479"},"modified":"2026-01-16T10:58:54","modified_gmt":"2026-01-16T10:58:54","slug":"754-bilyali","status":"publish","type":"product","link":"https:\/\/itokilit.com.tr\/en\/product\/754-bilyali\/","title":{"rendered":"754 B\u0130LYALI"},"content":{"rendered":"","protected":false},"excerpt":{"rendered":"<p>G\u00f6vde: Pirin\u00e7 (MS 58) profil<br \/>\nKam: Sinter D\u00f6k\u00fcm<br \/>\nYaylar: Paslanmaz (AISI 302)<br \/>\nPimler: 12 adet sabit ve 12 adet \u015fifreli, pirin\u00e7 (MS 58)<br \/>\nOpsiyonlar: Kaplama, delinmeye kar\u015f\u0131 koruyucu \u00e7elik pim<\/p>","protected":false},"featured_media":3714,"template":"","meta":{"rank_math_lock_modified_date":false},"product_brand":[],"product_cat":[84],"product_tag":[],"class_list":{"0":"post-2479","1":"product","2":"type-product","3":"status-publish","4":"has-post-thumbnail","6":"product_cat-silindirler","8":"first","9":"instock","10":"shipping-taxable","11":"product-type-simple"},"_links":{"self":[{"href":"https:\/\/itokilit.com.tr\/en\/wp-json\/wp\/v2\/product\/2479","targetHints":{"allow":["GET"]}}],"collection":[{"href":"https:\/\/itokilit.com.tr\/en\/wp-json\/wp\/v2\/product"}],"about":[{"href":"https:\/\/itokilit.com.tr\/en\/wp-json\/wp\/v2\/types\/product"}],"version-history":[{"count":1,"href":"https:\/\/itokilit.com.tr\/en\/wp-json\/wp\/v2\/product\/2479\/revisions"}],"predecessor-version":[{"id":2483,"href":"https:\/\/itokilit.com.tr\/en\/wp-json\/wp\/v2\/product\/2479\/revisions\/2483"}],"wp:featuredmedia":[{"embeddable":true,"href":"https:\/\/itokilit.com.tr\/en\/wp-json\/wp\/v2\/media\/3714"}],"wp:attachment":[{"href":"https:\/\/itokilit.com.tr\/en\/wp-json\/wp\/v2\/media?parent=2479"}],"wp:term":[{"taxonomy":"product_brand","embeddable":true,"href":"https:\/\/itokilit.com.tr\/en\/wp-json\/wp\/v2\/product_brand?post=2479"},{"taxonomy":"product_cat","embeddable":true,"href":"https:\/\/itokilit.com.tr\/en\/wp-json\/wp\/v2\/product_cat?post=2479"},{"taxonomy":"product_tag","embeddable":true,"href":"https:\/\/itokilit.com.tr\/en\/wp-json\/wp\/v2\/product_tag?post=2479"}],"curies":[{"name":"wp","href":"https:\/\/api.w.org\/{rel}","templated":true}]}}