{"id":2474,"date":"2024-10-18T09:27:53","date_gmt":"2024-10-18T09:27:53","guid":{"rendered":"https:\/\/itokilit.com.tr\/?post_type=product&#038;p=2474"},"modified":"2025-08-12T09:53:51","modified_gmt":"2025-08-12T09:53:51","slug":"354-standart-mandalli","status":"publish","type":"product","link":"https:\/\/itokilit.com.tr\/en\/product\/354-standart-mandalli\/","title":{"rendered":"354 STANDART MANDALLI"},"content":{"rendered":"","protected":false},"excerpt":{"rendered":"<table>\n<thead>\n<tr>\n<th><strong>T\u00fcrk\u00e7e<\/strong><\/th>\n<th><strong>English<\/strong><\/th>\n<\/tr>\n<\/thead>\n<tbody>\n<tr>\n<td><strong>G\u00f6vde:<\/strong> Pirin\u00e7 (MS 58) profil<\/td>\n<td><strong>Body:<\/strong> Brass (MS 58) profile<\/td>\n<\/tr>\n<tr>\n<td><strong>Mandal:<\/strong> Zamak<\/td>\n<td><strong>Thumb Turn:<\/strong> Zamak<\/td>\n<\/tr>\n<tr>\n<td><strong>Yaylar:<\/strong> Paslanmaz (AISI 302)<\/td>\n<td><strong>Springs:<\/strong> Stainless steel (AISI 302)<\/td>\n<\/tr>\n<tr>\n<td><strong>Pimler:<\/strong> 6 adet sabit ve 6 adet \u015fifreli, pirin\u00e7 (MS 58)<\/td>\n<td><strong>Pins:<\/strong> 6 pieces fixed and 6 pieces encrypted, brass (MS 58)<\/td>\n<\/tr>\n<tr>\n<td><strong>Opsiyonlar:<\/strong> Kaplama, delinmeye kar\u015f\u0131 koruyucu \u00e7elik pim<\/td>\n<td><strong>Options:<\/strong> Plating, drill-resistant steel pin<\/td>\n<\/tr>\n<tr>\n<td><strong>Anahtar:<\/strong> 354 Standart Mandall\u0131 \u2013 3 adet, nikel kaplamal\u0131, cerman<\/td>\n<td><strong>Key:<\/strong> 354 Standard Thumb Turn \u2013 3 pieces, nickel plated, paracentrical keyway<\/td>\n<\/tr>\n<\/tbody>\n<\/table>","protected":false},"featured_media":2475,"template":"","meta":{"rank_math_lock_modified_date":false},"product_brand":[],"product_cat":[84],"product_tag":[],"class_list":{"0":"post-2474","1":"product","2":"type-product","3":"status-publish","4":"has-post-thumbnail","6":"product_cat-silindirler","8":"first","9":"instock","10":"shipping-taxable","11":"product-type-simple"},"_links":{"self":[{"href":"https:\/\/itokilit.com.tr\/en\/wp-json\/wp\/v2\/product\/2474","targetHints":{"allow":["GET"]}}],"collection":[{"href":"https:\/\/itokilit.com.tr\/en\/wp-json\/wp\/v2\/product"}],"about":[{"href":"https:\/\/itokilit.com.tr\/en\/wp-json\/wp\/v2\/types\/product"}],"version-history":[{"count":2,"href":"https:\/\/itokilit.com.tr\/en\/wp-json\/wp\/v2\/product\/2474\/revisions"}],"predecessor-version":[{"id":3234,"href":"https:\/\/itokilit.com.tr\/en\/wp-json\/wp\/v2\/product\/2474\/revisions\/3234"}],"wp:featuredmedia":[{"embeddable":true,"href":"https:\/\/itokilit.com.tr\/en\/wp-json\/wp\/v2\/media\/2475"}],"wp:attachment":[{"href":"https:\/\/itokilit.com.tr\/en\/wp-json\/wp\/v2\/media?parent=2474"}],"wp:term":[{"taxonomy":"product_brand","embeddable":true,"href":"https:\/\/itokilit.com.tr\/en\/wp-json\/wp\/v2\/product_brand?post=2474"},{"taxonomy":"product_cat","embeddable":true,"href":"https:\/\/itokilit.com.tr\/en\/wp-json\/wp\/v2\/product_cat?post=2474"},{"taxonomy":"product_tag","embeddable":true,"href":"https:\/\/itokilit.com.tr\/en\/wp-json\/wp\/v2\/product_tag?post=2474"}],"curies":[{"name":"wp","href":"https:\/\/api.w.org\/{rel}","templated":true}]}}