{"id":2462,"date":"2024-10-18T08:31:36","date_gmt":"2024-10-18T08:31:36","guid":{"rendered":"https:\/\/itokilit.com.tr\/?post_type=product&#038;p=2462"},"modified":"2025-08-18T11:00:55","modified_gmt":"2025-08-18T11:00:55","slug":"154-tk-mandalli","status":"publish","type":"product","link":"https:\/\/itokilit.com.tr\/en\/product\/154-tk-mandalli\/","title":{"rendered":"154\/TK MANDALLI"},"content":{"rendered":"","protected":false},"excerpt":{"rendered":"<p>&nbsp;<\/p>\n<table>\n<thead>\n<tr>\n<th><strong>T\u00fcrk\u00e7e<\/strong><\/th>\n<th><strong>English<\/strong><\/th>\n<\/tr>\n<\/thead>\n<tbody>\n<tr>\n<td><strong>G\u00f6vde:<\/strong> Pirin\u00e7 (MS 58) profil, sinter d\u00f6k\u00fcm<\/td>\n<td><strong>Body:<\/strong> Brass (MS 58) profile, sinter casting<\/td>\n<\/tr>\n<tr>\n<td><strong>Mandal:<\/strong> Nikel kaplamal\u0131 zamak<\/td>\n<td><strong>Thumb Turn:<\/strong> Nickel plated zinc alloy<\/td>\n<\/tr>\n<tr>\n<td><strong>Pimler:<\/strong> Tek tarafta 6 adet sabit ve 6 adet \u015fifreli, pirin\u00e7 (MS 58)<\/td>\n<td><strong>Pins:<\/strong> 6 fixed on one side and 6 encrypted, brass (MS 58)<\/td>\n<\/tr>\n<tr>\n<td><strong>Opsiyonlar:<\/strong> Kaplama<\/td>\n<td><strong>Options:<\/strong> Plating<\/td>\n<\/tr>\n<\/tbody>\n<\/table>\n<p><strong data-start=\"607\" data-end=\"619\">Anahtar:<\/strong> 154\/BK \u2013 5 adet, nikel kaplamal\u0131, bilyal\u0131, emniyet kart\u0131 mevcuttur<\/p>\n<p><strong data-start=\"689\" data-end=\"697\">Key:<\/strong> 154\/BK \u2013 5 pieces, nickel plated, computer key, with safety card<\/p>","protected":false},"featured_media":2463,"template":"","meta":{"rank_math_lock_modified_date":false},"product_brand":[],"product_cat":[84],"product_tag":[],"class_list":{"0":"post-2462","1":"product","2":"type-product","3":"status-publish","4":"has-post-thumbnail","6":"product_cat-silindirler","8":"first","9":"instock","10":"shipping-taxable","11":"product-type-simple"},"_links":{"self":[{"href":"https:\/\/itokilit.com.tr\/en\/wp-json\/wp\/v2\/product\/2462","targetHints":{"allow":["GET"]}}],"collection":[{"href":"https:\/\/itokilit.com.tr\/en\/wp-json\/wp\/v2\/product"}],"about":[{"href":"https:\/\/itokilit.com.tr\/en\/wp-json\/wp\/v2\/types\/product"}],"version-history":[{"count":8,"href":"https:\/\/itokilit.com.tr\/en\/wp-json\/wp\/v2\/product\/2462\/revisions"}],"predecessor-version":[{"id":2467,"href":"https:\/\/itokilit.com.tr\/en\/wp-json\/wp\/v2\/product\/2462\/revisions\/2467"}],"wp:featuredmedia":[{"embeddable":true,"href":"https:\/\/itokilit.com.tr\/en\/wp-json\/wp\/v2\/media\/2463"}],"wp:attachment":[{"href":"https:\/\/itokilit.com.tr\/en\/wp-json\/wp\/v2\/media?parent=2462"}],"wp:term":[{"taxonomy":"product_brand","embeddable":true,"href":"https:\/\/itokilit.com.tr\/en\/wp-json\/wp\/v2\/product_brand?post=2462"},{"taxonomy":"product_cat","embeddable":true,"href":"https:\/\/itokilit.com.tr\/en\/wp-json\/wp\/v2\/product_cat?post=2462"},{"taxonomy":"product_tag","embeddable":true,"href":"https:\/\/itokilit.com.tr\/en\/wp-json\/wp\/v2\/product_tag?post=2462"}],"curies":[{"name":"wp","href":"https:\/\/api.w.org\/{rel}","templated":true}]}}